{"id":3287,"date":"2019-04-25T14:50:49","date_gmt":"2019-04-25T14:50:49","guid":{"rendered":"http:\/\/www.biobank.lv\/?page_id=3287"},"modified":"2021-02-26T07:11:19","modified_gmt":"2021-02-26T07:11:19","slug":"nabassaites-cilmes-sunu-izmantosana-arstesana-kliniskas-izpetes-faze","status":"publish","type":"page","link":"https:\/\/www.biobank.lv\/ru\/nabassaites-cilmes-sunu-izmantosana-arstesana-kliniskas-izpetes-faze\/","title":{"rendered":"\u0438\u0441\u043f\u043e\u043b\u044c\u0437\u043e\u0432\u0430\u043d\u0438\u0435 \u0441\u0442\u0432\u043e\u043b\u043e\u0432\u044b\u0445 \u043a\u043b\u0435\u0442\u043e\u043a \u043f\u0443\u043f\u043e\u0432\u0438\u043d\u044b \u0432 \u043b\u0435\u0447\u0435\u043d\u0438\u0438 \u0432 \u0444\u0430\u0437\u0435 \u043a\u043b\u0438\u043d\u0438\u0447\u0435\u0441\u043a\u043e\u0433\u043e \u0438\u0441\u0441\u043b\u0435\u0434\u043e\u0432\u0430\u043d\u0438\u044f"},"content":{"rendered":"","protected":false},"excerpt":{"rendered":"","protected":false},"author":1,"featured_media":0,"parent":0,"menu_order":0,"comment_status":"closed","ping_status":"closed","template":"","meta":{"footnotes":""},"class_list":["post-3287","page","type-page","status-publish","hentry"],"yoast_head":"<!-- This site is optimized with the Yoast SEO plugin v27.0 - https:\/\/yoast.com\/product\/yoast-seo-wordpress\/ -->\n<title>Cilmes \u0161\u016bnas \u0101rst\u0113\u0161an\u0101|cilmes \u0161\u016bnu banku alianse|BIONAK HEARTS<\/title>\n<meta name=\"description\" content=\"Nabassaites cilmes \u0161\u016bnu izmanto\u0161ana \u0101rst\u0113\u0161an\u0101 kl\u012bnisk\u0101s izp\u0113tes f\u0101z\u0113. Transplant\u0101cija iedzimto vielmai\u0146as slim\u012bbu \u0101rst\u0113\u0161anai\" \/>\n<meta name=\"robots\" content=\"index, follow, max-snippet:-1, max-image-preview:large, max-video-preview:-1\" \/>\n<link rel=\"canonical\" href=\"https:\/\/www.biobank.lv\/ru\/nabassaites-cilmes-sunu-izmantosana-arstesana-kliniskas-izpetes-faze\/\" \/>\n<meta property=\"og:locale\" content=\"ru_RU\" \/>\n<meta property=\"og:type\" content=\"article\" \/>\n<meta property=\"og:title\" content=\"Cilmes \u0161\u016bnas \u0101rst\u0113\u0161an\u0101|cilmes \u0161\u016bnu banku alianse|BIONAK HEARTS\" \/>\n<meta property=\"og:description\" content=\"Nabassaites cilmes \u0161\u016bnu izmanto\u0161ana \u0101rst\u0113\u0161an\u0101 kl\u012bnisk\u0101s izp\u0113tes f\u0101z\u0113. Transplant\u0101cija iedzimto vielmai\u0146as slim\u012bbu \u0101rst\u0113\u0161anai\" \/>\n<meta property=\"og:url\" content=\"https:\/\/www.biobank.lv\/ru\/nabassaites-cilmes-sunu-izmantosana-arstesana-kliniskas-izpetes-faze\/\" \/>\n<meta property=\"og:site_name\" content=\"BIOBANK\" \/>\n<meta property=\"article:modified_time\" content=\"2021-02-26T07:11:19+00:00\" \/>\n<meta name=\"twitter:card\" content=\"summary_large_image\" \/>\n<script type=\"application\/ld+json\" class=\"yoast-schema-graph\">{\"@context\":\"https:\/\/schema.org\",\"@graph\":[{\"@type\":\"WebPage\",\"@id\":\"https:\/\/www.biobank.lv\/nabassaites-cilmes-sunu-izmantosana-arstesana-kliniskas-izpetes-faze\/\",\"url\":\"https:\/\/www.biobank.lv\/nabassaites-cilmes-sunu-izmantosana-arstesana-kliniskas-izpetes-faze\/\",\"name\":\"Cilmes \u0161\u016bnas \u0101rst\u0113\u0161an\u0101|cilmes \u0161\u016bnu banku alianse|BIONAK HEARTS\",\"isPartOf\":{\"@id\":\"https:\/\/www.biobank.lv\/#website\"},\"datePublished\":\"2019-04-25T14:50:49+00:00\",\"dateModified\":\"2021-02-26T07:11:19+00:00\",\"description\":\"Nabassaites cilmes \u0161\u016bnu izmanto\u0161ana \u0101rst\u0113\u0161an\u0101 kl\u012bnisk\u0101s izp\u0113tes f\u0101z\u0113. Transplant\u0101cija iedzimto vielmai\u0146as slim\u012bbu \u0101rst\u0113\u0161anai\",\"breadcrumb\":{\"@id\":\"https:\/\/www.biobank.lv\/nabassaites-cilmes-sunu-izmantosana-arstesana-kliniskas-izpetes-faze\/#breadcrumb\"},\"inLanguage\":\"ru-RU\",\"potentialAction\":[{\"@type\":\"ReadAction\",\"target\":[\"https:\/\/www.biobank.lv\/nabassaites-cilmes-sunu-izmantosana-arstesana-kliniskas-izpetes-faze\/\"]}]},{\"@type\":\"BreadcrumbList\",\"@id\":\"https:\/\/www.biobank.lv\/nabassaites-cilmes-sunu-izmantosana-arstesana-kliniskas-izpetes-faze\/#breadcrumb\",\"itemListElement\":[{\"@type\":\"ListItem\",\"position\":1,\"name\":\"Home\",\"item\":\"https:\/\/www.biobank.lv\/\"},{\"@type\":\"ListItem\",\"position\":2,\"name\":\"nabassaites cilmes \u0161\u016bnu izmanto\u0161ana \u0101rst\u0113\u0161an\u0101 kl\u012bnisk\u0101s izp\u0113tes f\u0101z\u0113\"}]},{\"@type\":\"WebSite\",\"@id\":\"https:\/\/www.biobank.lv\/#website\",\"url\":\"https:\/\/www.biobank.lv\/\",\"name\":\"Lyl Biobank Hearts\",\"description\":\"cilmes \u0161\u016bnu banku alianse, nabassaites asins un audu paraugus un uzglab\u0101\u0161ana pasaules akredit\u0113t\u0101kaj\u0101s laboratorij\u0101s\",\"publisher\":{\"@id\":\"https:\/\/www.biobank.lv\/#organization\"},\"potentialAction\":[{\"@type\":\"SearchAction\",\"target\":{\"@type\":\"EntryPoint\",\"urlTemplate\":\"https:\/\/www.biobank.lv\/?s={search_term_string}\"},\"query-input\":{\"@type\":\"PropertyValueSpecification\",\"valueRequired\":true,\"valueName\":\"search_term_string\"}}],\"inLanguage\":\"ru-RU\"},{\"@type\":\"Organization\",\"@id\":\"https:\/\/www.biobank.lv\/#organization\",\"name\":\"LYL BioBank Hearts\",\"url\":\"https:\/\/www.biobank.lv\/\",\"logo\":{\"@type\":\"ImageObject\",\"inLanguage\":\"ru-RU\",\"@id\":\"https:\/\/www.biobank.lv\/#\/schema\/logo\/image\/\",\"url\":\"https:\/\/www.biobank.lv\/wp-content\/uploads\/2019\/04\/favicon-biobank-2.png\",\"contentUrl\":\"https:\/\/www.biobank.lv\/wp-content\/uploads\/2019\/04\/favicon-biobank-2.png\",\"width\":472,\"height\":472,\"caption\":\"LYL BioBank Hearts\"},\"image\":{\"@id\":\"https:\/\/www.biobank.lv\/#\/schema\/logo\/image\/\"},\"sameAs\":[\"https:\/\/www.instagram.com\/biobank.hearts\/\"]}]}<\/script>\n<!-- \/ Yoast SEO plugin. -->","yoast_head_json":{"title":"Cilmes \u0161\u016bnas \u0101rst\u0113\u0161an\u0101|cilmes \u0161\u016bnu banku alianse|BIONAK HEARTS","description":"Nabassaites cilmes \u0161\u016bnu izmanto\u0161ana \u0101rst\u0113\u0161an\u0101 kl\u012bnisk\u0101s izp\u0113tes f\u0101z\u0113. Transplant\u0101cija iedzimto vielmai\u0146as slim\u012bbu \u0101rst\u0113\u0161anai","robots":{"index":"index","follow":"follow","max-snippet":"max-snippet:-1","max-image-preview":"max-image-preview:large","max-video-preview":"max-video-preview:-1"},"canonical":"https:\/\/www.biobank.lv\/ru\/nabassaites-cilmes-sunu-izmantosana-arstesana-kliniskas-izpetes-faze\/","og_locale":"ru_RU","og_type":"article","og_title":"Cilmes \u0161\u016bnas \u0101rst\u0113\u0161an\u0101|cilmes \u0161\u016bnu banku alianse|BIONAK HEARTS","og_description":"Nabassaites cilmes \u0161\u016bnu izmanto\u0161ana \u0101rst\u0113\u0161an\u0101 kl\u012bnisk\u0101s izp\u0113tes f\u0101z\u0113. Transplant\u0101cija iedzimto vielmai\u0146as slim\u012bbu \u0101rst\u0113\u0161anai","og_url":"https:\/\/www.biobank.lv\/ru\/nabassaites-cilmes-sunu-izmantosana-arstesana-kliniskas-izpetes-faze\/","og_site_name":"BIOBANK","article_modified_time":"2021-02-26T07:11:19+00:00","twitter_card":"summary_large_image","schema":{"@context":"https:\/\/schema.org","@graph":[{"@type":"WebPage","@id":"https:\/\/www.biobank.lv\/nabassaites-cilmes-sunu-izmantosana-arstesana-kliniskas-izpetes-faze\/","url":"https:\/\/www.biobank.lv\/nabassaites-cilmes-sunu-izmantosana-arstesana-kliniskas-izpetes-faze\/","name":"Cilmes \u0161\u016bnas \u0101rst\u0113\u0161an\u0101|cilmes \u0161\u016bnu banku alianse|BIONAK HEARTS","isPartOf":{"@id":"https:\/\/www.biobank.lv\/#website"},"datePublished":"2019-04-25T14:50:49+00:00","dateModified":"2021-02-26T07:11:19+00:00","description":"Nabassaites cilmes \u0161\u016bnu izmanto\u0161ana \u0101rst\u0113\u0161an\u0101 kl\u012bnisk\u0101s izp\u0113tes f\u0101z\u0113. Transplant\u0101cija iedzimto vielmai\u0146as slim\u012bbu \u0101rst\u0113\u0161anai","breadcrumb":{"@id":"https:\/\/www.biobank.lv\/nabassaites-cilmes-sunu-izmantosana-arstesana-kliniskas-izpetes-faze\/#breadcrumb"},"inLanguage":"ru-RU","potentialAction":[{"@type":"ReadAction","target":["https:\/\/www.biobank.lv\/nabassaites-cilmes-sunu-izmantosana-arstesana-kliniskas-izpetes-faze\/"]}]},{"@type":"BreadcrumbList","@id":"https:\/\/www.biobank.lv\/nabassaites-cilmes-sunu-izmantosana-arstesana-kliniskas-izpetes-faze\/#breadcrumb","itemListElement":[{"@type":"ListItem","position":1,"name":"Home","item":"https:\/\/www.biobank.lv\/"},{"@type":"ListItem","position":2,"name":"nabassaites cilmes \u0161\u016bnu izmanto\u0161ana \u0101rst\u0113\u0161an\u0101 kl\u012bnisk\u0101s izp\u0113tes f\u0101z\u0113"}]},{"@type":"WebSite","@id":"https:\/\/www.biobank.lv\/#website","url":"https:\/\/www.biobank.lv\/","name":"Lyl Biobank Hearts","description":"cilmes \u0161\u016bnu banku alianse, nabassaites asins un audu paraugus un uzglab\u0101\u0161ana pasaules akredit\u0113t\u0101kaj\u0101s laboratorij\u0101s","publisher":{"@id":"https:\/\/www.biobank.lv\/#organization"},"potentialAction":[{"@type":"SearchAction","target":{"@type":"EntryPoint","urlTemplate":"https:\/\/www.biobank.lv\/?s={search_term_string}"},"query-input":{"@type":"PropertyValueSpecification","valueRequired":true,"valueName":"search_term_string"}}],"inLanguage":"ru-RU"},{"@type":"Organization","@id":"https:\/\/www.biobank.lv\/#organization","name":"LYL BioBank Hearts","url":"https:\/\/www.biobank.lv\/","logo":{"@type":"ImageObject","inLanguage":"ru-RU","@id":"https:\/\/www.biobank.lv\/#\/schema\/logo\/image\/","url":"https:\/\/www.biobank.lv\/wp-content\/uploads\/2019\/04\/favicon-biobank-2.png","contentUrl":"https:\/\/www.biobank.lv\/wp-content\/uploads\/2019\/04\/favicon-biobank-2.png","width":472,"height":472,"caption":"LYL BioBank Hearts"},"image":{"@id":"https:\/\/www.biobank.lv\/#\/schema\/logo\/image\/"},"sameAs":["https:\/\/www.instagram.com\/biobank.hearts\/"]}]}},"_links":{"self":[{"href":"https:\/\/www.biobank.lv\/ru\/wp-json\/wp\/v2\/pages\/3287","targetHints":{"allow":["GET"]}}],"collection":[{"href":"https:\/\/www.biobank.lv\/ru\/wp-json\/wp\/v2\/pages"}],"about":[{"href":"https:\/\/www.biobank.lv\/ru\/wp-json\/wp\/v2\/types\/page"}],"author":[{"embeddable":true,"href":"https:\/\/www.biobank.lv\/ru\/wp-json\/wp\/v2\/users\/1"}],"replies":[{"embeddable":true,"href":"https:\/\/www.biobank.lv\/ru\/wp-json\/wp\/v2\/comments?post=3287"}],"version-history":[{"count":0,"href":"https:\/\/www.biobank.lv\/ru\/wp-json\/wp\/v2\/pages\/3287\/revisions"}],"wp:attachment":[{"href":"https:\/\/www.biobank.lv\/ru\/wp-json\/wp\/v2\/media?parent=3287"}],"curies":[{"name":"wp","href":"https:\/\/api.w.org\/{rel}","templated":true}]}}