{"id":3292,"date":"2019-04-25T15:10:32","date_gmt":"2019-04-25T15:10:32","guid":{"rendered":"http:\/\/www.biobank.lv\/?page_id=3292"},"modified":"2021-02-26T07:10:25","modified_gmt":"2021-02-26T07:10:25","slug":"nabassaites-asins-cilmes-sunu-izmantosana-arstesana","status":"publish","type":"page","link":"https:\/\/www.biobank.lv\/ru\/nabassaites-asins-cilmes-sunu-izmantosana-arstesana\/","title":{"rendered":"\u0438\u0441\u043f\u043e\u043b\u044c\u0437\u043e\u0432\u0430\u043d\u0438\u0435 \u0434\u043b\u044f \u043b\u0435\u0447\u0435\u043d\u0438\u044f \u0441\u0442\u0432\u043e\u043b\u043e\u0432\u044b\u0445 \u043a\u043b\u0435\u0442\u043e\u043a \u043f\u0443\u043f\u043e\u0432\u0438\u043d\u043d\u043e\u0439 \u043a\u0440\u043e\u0432\u0438"},"content":{"rendered":"","protected":false},"excerpt":{"rendered":"","protected":false},"author":1,"featured_media":0,"parent":0,"menu_order":0,"comment_status":"closed","ping_status":"closed","template":"","meta":{"footnotes":""},"class_list":["post-3292","page","type-page","status-publish","hentry"],"yoast_head":"<!-- This site is optimized with the Yoast SEO plugin v27.0 - https:\/\/yoast.com\/product\/yoast-seo-wordpress\/ -->\n<title>\u0100rst\u0113\u0161ana | Cilmes \u0161\u016bnu banku alianse | BIOBANK HEARTS<\/title>\n<meta name=\"description\" content=\"Nabassaites asins cilmes \u0161\u016bnu izmanto asins \u0161\u016bnu prolifer\u0101cijas, iedzimto im\u016bnsist\u0113mas trauc\u0113ju un citu seku gad\u012bjumos.\" \/>\n<meta name=\"robots\" content=\"index, follow, max-snippet:-1, max-image-preview:large, max-video-preview:-1\" \/>\n<link rel=\"canonical\" href=\"https:\/\/www.biobank.lv\/ru\/nabassaites-asins-cilmes-sunu-izmantosana-arstesana\/\" \/>\n<meta property=\"og:locale\" content=\"ru_RU\" \/>\n<meta property=\"og:type\" content=\"article\" \/>\n<meta property=\"og:title\" content=\"\u0100rst\u0113\u0161ana | Cilmes \u0161\u016bnu banku alianse | BIOBANK HEARTS\" \/>\n<meta property=\"og:description\" content=\"Nabassaites asins cilmes \u0161\u016bnu izmanto asins \u0161\u016bnu prolifer\u0101cijas, iedzimto im\u016bnsist\u0113mas trauc\u0113ju un citu seku gad\u012bjumos.\" \/>\n<meta property=\"og:url\" content=\"https:\/\/www.biobank.lv\/ru\/nabassaites-asins-cilmes-sunu-izmantosana-arstesana\/\" \/>\n<meta property=\"og:site_name\" content=\"BIOBANK\" \/>\n<meta property=\"article:modified_time\" content=\"2021-02-26T07:10:25+00:00\" \/>\n<meta name=\"twitter:card\" content=\"summary_large_image\" \/>\n<script type=\"application\/ld+json\" class=\"yoast-schema-graph\">{\"@context\":\"https:\/\/schema.org\",\"@graph\":[{\"@type\":\"WebPage\",\"@id\":\"https:\/\/www.biobank.lv\/nabassaites-asins-cilmes-sunu-izmantosana-arstesana\/\",\"url\":\"https:\/\/www.biobank.lv\/nabassaites-asins-cilmes-sunu-izmantosana-arstesana\/\",\"name\":\"\u0100rst\u0113\u0161ana | Cilmes \u0161\u016bnu banku alianse | BIOBANK HEARTS\",\"isPartOf\":{\"@id\":\"https:\/\/www.biobank.lv\/#website\"},\"datePublished\":\"2019-04-25T15:10:32+00:00\",\"dateModified\":\"2021-02-26T07:10:25+00:00\",\"description\":\"Nabassaites asins cilmes \u0161\u016bnu izmanto asins \u0161\u016bnu prolifer\u0101cijas, iedzimto im\u016bnsist\u0113mas trauc\u0113ju un citu seku gad\u012bjumos.\",\"breadcrumb\":{\"@id\":\"https:\/\/www.biobank.lv\/nabassaites-asins-cilmes-sunu-izmantosana-arstesana\/#breadcrumb\"},\"inLanguage\":\"ru-RU\",\"potentialAction\":[{\"@type\":\"ReadAction\",\"target\":[\"https:\/\/www.biobank.lv\/nabassaites-asins-cilmes-sunu-izmantosana-arstesana\/\"]}]},{\"@type\":\"BreadcrumbList\",\"@id\":\"https:\/\/www.biobank.lv\/nabassaites-asins-cilmes-sunu-izmantosana-arstesana\/#breadcrumb\",\"itemListElement\":[{\"@type\":\"ListItem\",\"position\":1,\"name\":\"Home\",\"item\":\"https:\/\/www.biobank.lv\/\"},{\"@type\":\"ListItem\",\"position\":2,\"name\":\"nabassaites asins cilmes \u0161\u016bnu izmanto\u0161ana \u0101rst\u0113\u0161an\u0101\"}]},{\"@type\":\"WebSite\",\"@id\":\"https:\/\/www.biobank.lv\/#website\",\"url\":\"https:\/\/www.biobank.lv\/\",\"name\":\"Lyl Biobank Hearts\",\"description\":\"cilmes \u0161\u016bnu banku alianse, nabassaites asins un audu paraugus un uzglab\u0101\u0161ana pasaules akredit\u0113t\u0101kaj\u0101s laboratorij\u0101s\",\"publisher\":{\"@id\":\"https:\/\/www.biobank.lv\/#organization\"},\"potentialAction\":[{\"@type\":\"SearchAction\",\"target\":{\"@type\":\"EntryPoint\",\"urlTemplate\":\"https:\/\/www.biobank.lv\/?s={search_term_string}\"},\"query-input\":{\"@type\":\"PropertyValueSpecification\",\"valueRequired\":true,\"valueName\":\"search_term_string\"}}],\"inLanguage\":\"ru-RU\"},{\"@type\":\"Organization\",\"@id\":\"https:\/\/www.biobank.lv\/#organization\",\"name\":\"LYL BioBank Hearts\",\"url\":\"https:\/\/www.biobank.lv\/\",\"logo\":{\"@type\":\"ImageObject\",\"inLanguage\":\"ru-RU\",\"@id\":\"https:\/\/www.biobank.lv\/#\/schema\/logo\/image\/\",\"url\":\"https:\/\/www.biobank.lv\/wp-content\/uploads\/2019\/04\/favicon-biobank-2.png\",\"contentUrl\":\"https:\/\/www.biobank.lv\/wp-content\/uploads\/2019\/04\/favicon-biobank-2.png\",\"width\":472,\"height\":472,\"caption\":\"LYL BioBank Hearts\"},\"image\":{\"@id\":\"https:\/\/www.biobank.lv\/#\/schema\/logo\/image\/\"},\"sameAs\":[\"https:\/\/www.instagram.com\/biobank.hearts\/\"]}]}<\/script>\n<!-- \/ Yoast SEO plugin. -->","yoast_head_json":{"title":"\u0100rst\u0113\u0161ana | Cilmes \u0161\u016bnu banku alianse | BIOBANK HEARTS","description":"Nabassaites asins cilmes \u0161\u016bnu izmanto asins \u0161\u016bnu prolifer\u0101cijas, iedzimto im\u016bnsist\u0113mas trauc\u0113ju un citu seku gad\u012bjumos.","robots":{"index":"index","follow":"follow","max-snippet":"max-snippet:-1","max-image-preview":"max-image-preview:large","max-video-preview":"max-video-preview:-1"},"canonical":"https:\/\/www.biobank.lv\/ru\/nabassaites-asins-cilmes-sunu-izmantosana-arstesana\/","og_locale":"ru_RU","og_type":"article","og_title":"\u0100rst\u0113\u0161ana | Cilmes \u0161\u016bnu banku alianse | BIOBANK HEARTS","og_description":"Nabassaites asins cilmes \u0161\u016bnu izmanto asins \u0161\u016bnu prolifer\u0101cijas, iedzimto im\u016bnsist\u0113mas trauc\u0113ju un citu seku gad\u012bjumos.","og_url":"https:\/\/www.biobank.lv\/ru\/nabassaites-asins-cilmes-sunu-izmantosana-arstesana\/","og_site_name":"BIOBANK","article_modified_time":"2021-02-26T07:10:25+00:00","twitter_card":"summary_large_image","schema":{"@context":"https:\/\/schema.org","@graph":[{"@type":"WebPage","@id":"https:\/\/www.biobank.lv\/nabassaites-asins-cilmes-sunu-izmantosana-arstesana\/","url":"https:\/\/www.biobank.lv\/nabassaites-asins-cilmes-sunu-izmantosana-arstesana\/","name":"\u0100rst\u0113\u0161ana | Cilmes \u0161\u016bnu banku alianse | BIOBANK HEARTS","isPartOf":{"@id":"https:\/\/www.biobank.lv\/#website"},"datePublished":"2019-04-25T15:10:32+00:00","dateModified":"2021-02-26T07:10:25+00:00","description":"Nabassaites asins cilmes \u0161\u016bnu izmanto asins \u0161\u016bnu prolifer\u0101cijas, iedzimto im\u016bnsist\u0113mas trauc\u0113ju un citu seku gad\u012bjumos.","breadcrumb":{"@id":"https:\/\/www.biobank.lv\/nabassaites-asins-cilmes-sunu-izmantosana-arstesana\/#breadcrumb"},"inLanguage":"ru-RU","potentialAction":[{"@type":"ReadAction","target":["https:\/\/www.biobank.lv\/nabassaites-asins-cilmes-sunu-izmantosana-arstesana\/"]}]},{"@type":"BreadcrumbList","@id":"https:\/\/www.biobank.lv\/nabassaites-asins-cilmes-sunu-izmantosana-arstesana\/#breadcrumb","itemListElement":[{"@type":"ListItem","position":1,"name":"Home","item":"https:\/\/www.biobank.lv\/"},{"@type":"ListItem","position":2,"name":"nabassaites asins cilmes \u0161\u016bnu izmanto\u0161ana \u0101rst\u0113\u0161an\u0101"}]},{"@type":"WebSite","@id":"https:\/\/www.biobank.lv\/#website","url":"https:\/\/www.biobank.lv\/","name":"Lyl Biobank Hearts","description":"cilmes \u0161\u016bnu banku alianse, nabassaites asins un audu paraugus un uzglab\u0101\u0161ana pasaules akredit\u0113t\u0101kaj\u0101s laboratorij\u0101s","publisher":{"@id":"https:\/\/www.biobank.lv\/#organization"},"potentialAction":[{"@type":"SearchAction","target":{"@type":"EntryPoint","urlTemplate":"https:\/\/www.biobank.lv\/?s={search_term_string}"},"query-input":{"@type":"PropertyValueSpecification","valueRequired":true,"valueName":"search_term_string"}}],"inLanguage":"ru-RU"},{"@type":"Organization","@id":"https:\/\/www.biobank.lv\/#organization","name":"LYL BioBank Hearts","url":"https:\/\/www.biobank.lv\/","logo":{"@type":"ImageObject","inLanguage":"ru-RU","@id":"https:\/\/www.biobank.lv\/#\/schema\/logo\/image\/","url":"https:\/\/www.biobank.lv\/wp-content\/uploads\/2019\/04\/favicon-biobank-2.png","contentUrl":"https:\/\/www.biobank.lv\/wp-content\/uploads\/2019\/04\/favicon-biobank-2.png","width":472,"height":472,"caption":"LYL BioBank Hearts"},"image":{"@id":"https:\/\/www.biobank.lv\/#\/schema\/logo\/image\/"},"sameAs":["https:\/\/www.instagram.com\/biobank.hearts\/"]}]}},"_links":{"self":[{"href":"https:\/\/www.biobank.lv\/ru\/wp-json\/wp\/v2\/pages\/3292","targetHints":{"allow":["GET"]}}],"collection":[{"href":"https:\/\/www.biobank.lv\/ru\/wp-json\/wp\/v2\/pages"}],"about":[{"href":"https:\/\/www.biobank.lv\/ru\/wp-json\/wp\/v2\/types\/page"}],"author":[{"embeddable":true,"href":"https:\/\/www.biobank.lv\/ru\/wp-json\/wp\/v2\/users\/1"}],"replies":[{"embeddable":true,"href":"https:\/\/www.biobank.lv\/ru\/wp-json\/wp\/v2\/comments?post=3292"}],"version-history":[{"count":0,"href":"https:\/\/www.biobank.lv\/ru\/wp-json\/wp\/v2\/pages\/3292\/revisions"}],"wp:attachment":[{"href":"https:\/\/www.biobank.lv\/ru\/wp-json\/wp\/v2\/media?parent=3292"}],"curies":[{"name":"wp","href":"https:\/\/api.w.org\/{rel}","templated":true}]}}