{"id":3307,"date":"2019-04-25T20:16:50","date_gmt":"2019-04-25T20:16:50","guid":{"rendered":"http:\/\/www.biobank.lv\/?page_id=3307"},"modified":"2020-10-12T11:38:12","modified_gmt":"2020-10-12T11:38:12","slug":"ka-uztvert-un-uzglabat-bernu-cilmes-sunas","status":"publish","type":"page","link":"https:\/\/www.biobank.lv\/ru\/ka-uztvert-un-uzglabat-bernu-cilmes-sunas\/","title":{"rendered":"k\u0101 uztvert un uzglab\u0101t b\u0113rnu cilmes \u0161\u016bnas"},"content":{"rendered":"","protected":false},"excerpt":{"rendered":"","protected":false},"author":1,"featured_media":0,"parent":0,"menu_order":0,"comment_status":"closed","ping_status":"closed","template":"","meta":{"footnotes":""},"class_list":["post-3307","page","type-page","status-publish","hentry"],"yoast_head":"<!-- This site is optimized with the Yoast SEO plugin v27.0 - https:\/\/yoast.com\/product\/yoast-seo-wordpress\/ -->\n<title>K\u0101 uztvert un uzglab\u0101t cilmes \u0161\u016bnas? | BIOBANK HEARTS<\/title>\n<meta name=\"description\" content=\"Se\u0161i so\u013ci J\u016bsu mazu\u013ca cilmes \u0161\u016bnu pa\u0146em\u0161anai un uzglab\u0101\u0161anai. M\u0113s veiksim J\u016bsu parauga apstr\u0101di un uzglab\u0101sim to atbilsto\u0161i l\u012bgumam.\" \/>\n<meta name=\"robots\" content=\"index, follow, max-snippet:-1, max-image-preview:large, max-video-preview:-1\" \/>\n<link rel=\"canonical\" href=\"https:\/\/www.biobank.lv\/ru\/ka-uztvert-un-uzglabat-bernu-cilmes-sunas\/\" \/>\n<meta property=\"og:locale\" content=\"ru_RU\" \/>\n<meta property=\"og:type\" content=\"article\" \/>\n<meta property=\"og:title\" content=\"K\u0101 uztvert un uzglab\u0101t cilmes \u0161\u016bnas? | BIOBANK HEARTS\" \/>\n<meta property=\"og:description\" content=\"Se\u0161i so\u013ci J\u016bsu mazu\u013ca cilmes \u0161\u016bnu pa\u0146em\u0161anai un uzglab\u0101\u0161anai. M\u0113s veiksim J\u016bsu parauga apstr\u0101di un uzglab\u0101sim to atbilsto\u0161i l\u012bgumam.\" \/>\n<meta property=\"og:url\" content=\"https:\/\/www.biobank.lv\/ru\/ka-uztvert-un-uzglabat-bernu-cilmes-sunas\/\" \/>\n<meta property=\"og:site_name\" content=\"BIOBANK\" \/>\n<meta property=\"article:modified_time\" content=\"2020-10-12T11:38:12+00:00\" \/>\n<meta name=\"twitter:card\" content=\"summary_large_image\" \/>\n<script type=\"application\/ld+json\" class=\"yoast-schema-graph\">{\"@context\":\"https:\/\/schema.org\",\"@graph\":[{\"@type\":\"WebPage\",\"@id\":\"https:\/\/www.biobank.lv\/ru\/ka-uztvert-un-uzglabat-bernu-cilmes-sunas\/\",\"url\":\"https:\/\/www.biobank.lv\/ru\/ka-uztvert-un-uzglabat-bernu-cilmes-sunas\/\",\"name\":\"K\u0101 uztvert un uzglab\u0101t cilmes \u0161\u016bnas? | BIOBANK HEARTS\",\"isPartOf\":{\"@id\":\"https:\/\/www.biobank.lv\/#website\"},\"datePublished\":\"2019-04-25T20:16:50+00:00\",\"dateModified\":\"2020-10-12T11:38:12+00:00\",\"description\":\"Se\u0161i so\u013ci J\u016bsu mazu\u013ca cilmes \u0161\u016bnu pa\u0146em\u0161anai un uzglab\u0101\u0161anai. M\u0113s veiksim J\u016bsu parauga apstr\u0101di un uzglab\u0101sim to atbilsto\u0161i l\u012bgumam.\",\"breadcrumb\":{\"@id\":\"https:\/\/www.biobank.lv\/ru\/ka-uztvert-un-uzglabat-bernu-cilmes-sunas\/#breadcrumb\"},\"inLanguage\":\"ru-RU\",\"potentialAction\":[{\"@type\":\"ReadAction\",\"target\":[\"https:\/\/www.biobank.lv\/ru\/ka-uztvert-un-uzglabat-bernu-cilmes-sunas\/\"]}]},{\"@type\":\"BreadcrumbList\",\"@id\":\"https:\/\/www.biobank.lv\/ru\/ka-uztvert-un-uzglabat-bernu-cilmes-sunas\/#breadcrumb\",\"itemListElement\":[{\"@type\":\"ListItem\",\"position\":1,\"name\":\"Home\",\"item\":\"https:\/\/www.biobank.lv\/\"},{\"@type\":\"ListItem\",\"position\":2,\"name\":\"k\u0101 uztvert un uzglab\u0101t b\u0113rnu cilmes \u0161\u016bnas\"}]},{\"@type\":\"WebSite\",\"@id\":\"https:\/\/www.biobank.lv\/#website\",\"url\":\"https:\/\/www.biobank.lv\/\",\"name\":\"Lyl Biobank Hearts\",\"description\":\"cilmes \u0161\u016bnu banku alianse, nabassaites asins un audu paraugus un uzglab\u0101\u0161ana pasaules akredit\u0113t\u0101kaj\u0101s laboratorij\u0101s\",\"publisher\":{\"@id\":\"https:\/\/www.biobank.lv\/#organization\"},\"potentialAction\":[{\"@type\":\"SearchAction\",\"target\":{\"@type\":\"EntryPoint\",\"urlTemplate\":\"https:\/\/www.biobank.lv\/?s={search_term_string}\"},\"query-input\":{\"@type\":\"PropertyValueSpecification\",\"valueRequired\":true,\"valueName\":\"search_term_string\"}}],\"inLanguage\":\"ru-RU\"},{\"@type\":\"Organization\",\"@id\":\"https:\/\/www.biobank.lv\/#organization\",\"name\":\"LYL BioBank Hearts\",\"url\":\"https:\/\/www.biobank.lv\/\",\"logo\":{\"@type\":\"ImageObject\",\"inLanguage\":\"ru-RU\",\"@id\":\"https:\/\/www.biobank.lv\/#\/schema\/logo\/image\/\",\"url\":\"https:\/\/www.biobank.lv\/wp-content\/uploads\/2019\/04\/favicon-biobank-2.png\",\"contentUrl\":\"https:\/\/www.biobank.lv\/wp-content\/uploads\/2019\/04\/favicon-biobank-2.png\",\"width\":472,\"height\":472,\"caption\":\"LYL BioBank Hearts\"},\"image\":{\"@id\":\"https:\/\/www.biobank.lv\/#\/schema\/logo\/image\/\"},\"sameAs\":[\"https:\/\/www.instagram.com\/biobank.hearts\/\"]}]}<\/script>\n<!-- \/ Yoast SEO plugin. -->","yoast_head_json":{"title":"K\u0101 uztvert un uzglab\u0101t cilmes \u0161\u016bnas? | BIOBANK HEARTS","description":"Se\u0161i so\u013ci J\u016bsu mazu\u013ca cilmes \u0161\u016bnu pa\u0146em\u0161anai un uzglab\u0101\u0161anai. M\u0113s veiksim J\u016bsu parauga apstr\u0101di un uzglab\u0101sim to atbilsto\u0161i l\u012bgumam.","robots":{"index":"index","follow":"follow","max-snippet":"max-snippet:-1","max-image-preview":"max-image-preview:large","max-video-preview":"max-video-preview:-1"},"canonical":"https:\/\/www.biobank.lv\/ru\/ka-uztvert-un-uzglabat-bernu-cilmes-sunas\/","og_locale":"ru_RU","og_type":"article","og_title":"K\u0101 uztvert un uzglab\u0101t cilmes \u0161\u016bnas? | BIOBANK HEARTS","og_description":"Se\u0161i so\u013ci J\u016bsu mazu\u013ca cilmes \u0161\u016bnu pa\u0146em\u0161anai un uzglab\u0101\u0161anai. M\u0113s veiksim J\u016bsu parauga apstr\u0101di un uzglab\u0101sim to atbilsto\u0161i l\u012bgumam.","og_url":"https:\/\/www.biobank.lv\/ru\/ka-uztvert-un-uzglabat-bernu-cilmes-sunas\/","og_site_name":"BIOBANK","article_modified_time":"2020-10-12T11:38:12+00:00","twitter_card":"summary_large_image","schema":{"@context":"https:\/\/schema.org","@graph":[{"@type":"WebPage","@id":"https:\/\/www.biobank.lv\/ru\/ka-uztvert-un-uzglabat-bernu-cilmes-sunas\/","url":"https:\/\/www.biobank.lv\/ru\/ka-uztvert-un-uzglabat-bernu-cilmes-sunas\/","name":"K\u0101 uztvert un uzglab\u0101t cilmes \u0161\u016bnas? | BIOBANK HEARTS","isPartOf":{"@id":"https:\/\/www.biobank.lv\/#website"},"datePublished":"2019-04-25T20:16:50+00:00","dateModified":"2020-10-12T11:38:12+00:00","description":"Se\u0161i so\u013ci J\u016bsu mazu\u013ca cilmes \u0161\u016bnu pa\u0146em\u0161anai un uzglab\u0101\u0161anai. M\u0113s veiksim J\u016bsu parauga apstr\u0101di un uzglab\u0101sim to atbilsto\u0161i l\u012bgumam.","breadcrumb":{"@id":"https:\/\/www.biobank.lv\/ru\/ka-uztvert-un-uzglabat-bernu-cilmes-sunas\/#breadcrumb"},"inLanguage":"ru-RU","potentialAction":[{"@type":"ReadAction","target":["https:\/\/www.biobank.lv\/ru\/ka-uztvert-un-uzglabat-bernu-cilmes-sunas\/"]}]},{"@type":"BreadcrumbList","@id":"https:\/\/www.biobank.lv\/ru\/ka-uztvert-un-uzglabat-bernu-cilmes-sunas\/#breadcrumb","itemListElement":[{"@type":"ListItem","position":1,"name":"Home","item":"https:\/\/www.biobank.lv\/"},{"@type":"ListItem","position":2,"name":"k\u0101 uztvert un uzglab\u0101t b\u0113rnu cilmes \u0161\u016bnas"}]},{"@type":"WebSite","@id":"https:\/\/www.biobank.lv\/#website","url":"https:\/\/www.biobank.lv\/","name":"Lyl Biobank Hearts","description":"cilmes \u0161\u016bnu banku alianse, nabassaites asins un audu paraugus un uzglab\u0101\u0161ana pasaules akredit\u0113t\u0101kaj\u0101s laboratorij\u0101s","publisher":{"@id":"https:\/\/www.biobank.lv\/#organization"},"potentialAction":[{"@type":"SearchAction","target":{"@type":"EntryPoint","urlTemplate":"https:\/\/www.biobank.lv\/?s={search_term_string}"},"query-input":{"@type":"PropertyValueSpecification","valueRequired":true,"valueName":"search_term_string"}}],"inLanguage":"ru-RU"},{"@type":"Organization","@id":"https:\/\/www.biobank.lv\/#organization","name":"LYL BioBank Hearts","url":"https:\/\/www.biobank.lv\/","logo":{"@type":"ImageObject","inLanguage":"ru-RU","@id":"https:\/\/www.biobank.lv\/#\/schema\/logo\/image\/","url":"https:\/\/www.biobank.lv\/wp-content\/uploads\/2019\/04\/favicon-biobank-2.png","contentUrl":"https:\/\/www.biobank.lv\/wp-content\/uploads\/2019\/04\/favicon-biobank-2.png","width":472,"height":472,"caption":"LYL BioBank Hearts"},"image":{"@id":"https:\/\/www.biobank.lv\/#\/schema\/logo\/image\/"},"sameAs":["https:\/\/www.instagram.com\/biobank.hearts\/"]}]}},"_links":{"self":[{"href":"https:\/\/www.biobank.lv\/ru\/wp-json\/wp\/v2\/pages\/3307","targetHints":{"allow":["GET"]}}],"collection":[{"href":"https:\/\/www.biobank.lv\/ru\/wp-json\/wp\/v2\/pages"}],"about":[{"href":"https:\/\/www.biobank.lv\/ru\/wp-json\/wp\/v2\/types\/page"}],"author":[{"embeddable":true,"href":"https:\/\/www.biobank.lv\/ru\/wp-json\/wp\/v2\/users\/1"}],"replies":[{"embeddable":true,"href":"https:\/\/www.biobank.lv\/ru\/wp-json\/wp\/v2\/comments?post=3307"}],"version-history":[{"count":0,"href":"https:\/\/www.biobank.lv\/ru\/wp-json\/wp\/v2\/pages\/3307\/revisions"}],"wp:attachment":[{"href":"https:\/\/www.biobank.lv\/ru\/wp-json\/wp\/v2\/media?parent=3307"}],"curies":[{"name":"wp","href":"https:\/\/api.w.org\/{rel}","templated":true}]}}