{"id":4431,"date":"2016-06-11T14:25:44","date_gmt":"2016-06-11T14:25:44","guid":{"rendered":"https:\/\/www.biobank.lv\/lyl-biobank-hearts\/"},"modified":"2026-03-09T15:36:30","modified_gmt":"2026-03-09T15:36:30","slug":"lyl-biobank-hearts","status":"publish","type":"page","link":"https:\/\/www.biobank.lv\/ru\/","title":{"rendered":"BIOBANK HEARTS Homepage"},"content":{"rendered":"","protected":false},"excerpt":{"rendered":"","protected":false},"author":1,"featured_media":0,"parent":0,"menu_order":0,"comment_status":"closed","ping_status":"closed","template":"","meta":{"footnotes":""},"class_list":["post-4431","page","type-page","status-publish","hentry"],"yoast_head":"<!-- This site is optimized with the Yoast SEO plugin v27.0 - https:\/\/yoast.com\/product\/yoast-seo-wordpress\/ -->\n<title>S\u0101kuma Lapa | cilmes \u0161\u016bnu banku alianse | BIOBANK HEARTS<\/title>\n<meta name=\"description\" content=\"BIOBANK HEARTS - cilmes \u0161\u016bnu banku alianse, kas pied\u0101v\u0101 pa\u0146emt nabassaites asins un audu paraugus un uzglab\u0101t nabassaites asins un audu cilmes \u0161\u016bnas.\" \/>\n<meta name=\"robots\" content=\"index, follow, max-snippet:-1, max-image-preview:large, max-video-preview:-1\" \/>\n<link rel=\"canonical\" href=\"https:\/\/www.biobank.lv\/ru\/\" \/>\n<meta property=\"og:locale\" content=\"ru_RU\" \/>\n<meta property=\"og:type\" content=\"article\" \/>\n<meta property=\"og:title\" content=\"S\u0101kuma Lapa | cilmes \u0161\u016bnu banku alianse | BIOBANK HEARTS\" \/>\n<meta property=\"og:description\" content=\"BIOBANK HEARTS - cilmes \u0161\u016bnu banku alianse, kas pied\u0101v\u0101 pa\u0146emt nabassaites asins un audu paraugus un uzglab\u0101t nabassaites asins un audu cilmes \u0161\u016bnas.\" \/>\n<meta property=\"og:url\" content=\"https:\/\/www.biobank.lv\/ru\/\" \/>\n<meta property=\"og:site_name\" content=\"BIOBANK\" \/>\n<meta property=\"article:modified_time\" content=\"2026-03-09T15:36:30+00:00\" \/>\n<meta name=\"twitter:card\" content=\"summary_large_image\" \/>\n<meta name=\"twitter:label1\" content=\"\u041f\u0440\u0438\u043c\u0435\u0440\u043d\u043e\u0435 \u0432\u0440\u0435\u043c\u044f \u0434\u043b\u044f \u0447\u0442\u0435\u043d\u0438\u044f\" \/>\n\t<meta name=\"twitter:data1\" content=\"6 \u043c\u0438\u043d\u0443\u0442\" \/>\n<script type=\"application\/ld+json\" class=\"yoast-schema-graph\">{\"@context\":\"https:\/\/schema.org\",\"@graph\":[{\"@type\":\"WebPage\",\"@id\":\"https:\/\/www.biobank.lv\/\",\"url\":\"https:\/\/www.biobank.lv\/\",\"name\":\"S\u0101kuma Lapa | cilmes \u0161\u016bnu banku alianse | BIOBANK HEARTS\",\"isPartOf\":{\"@id\":\"https:\/\/www.biobank.lv\/#website\"},\"datePublished\":\"2016-06-11T14:25:44+00:00\",\"dateModified\":\"2026-03-09T15:36:30+00:00\",\"description\":\"BIOBANK HEARTS - cilmes \u0161\u016bnu banku alianse, kas pied\u0101v\u0101 pa\u0146emt nabassaites asins un audu paraugus un uzglab\u0101t nabassaites asins un audu cilmes \u0161\u016bnas.\",\"breadcrumb\":{\"@id\":\"https:\/\/www.biobank.lv\/#breadcrumb\"},\"inLanguage\":\"ru-RU\",\"potentialAction\":[{\"@type\":\"ReadAction\",\"target\":[\"https:\/\/www.biobank.lv\/\"]}]},{\"@type\":\"BreadcrumbList\",\"@id\":\"https:\/\/www.biobank.lv\/#breadcrumb\",\"itemListElement\":[{\"@type\":\"ListItem\",\"position\":1,\"name\":\"Home\",\"item\":\"https:\/\/www.biobank.lv\/\"},{\"@type\":\"ListItem\",\"position\":2,\"name\":\"BIOBANK HEARTS Homepage\"}]},{\"@type\":\"WebSite\",\"@id\":\"https:\/\/www.biobank.lv\/#website\",\"url\":\"https:\/\/www.biobank.lv\/\",\"name\":\"Lyl Biobank Hearts\",\"description\":\"cilmes \u0161\u016bnu banku alianse, nabassaites asins un audu paraugus un uzglab\u0101\u0161ana pasaules akredit\u0113t\u0101kaj\u0101s laboratorij\u0101s\",\"publisher\":{\"@id\":\"https:\/\/www.biobank.lv\/#organization\"},\"potentialAction\":[{\"@type\":\"SearchAction\",\"target\":{\"@type\":\"EntryPoint\",\"urlTemplate\":\"https:\/\/www.biobank.lv\/?s={search_term_string}\"},\"query-input\":{\"@type\":\"PropertyValueSpecification\",\"valueRequired\":true,\"valueName\":\"search_term_string\"}}],\"inLanguage\":\"ru-RU\"},{\"@type\":\"Organization\",\"@id\":\"https:\/\/www.biobank.lv\/#organization\",\"name\":\"LYL BioBank Hearts\",\"url\":\"https:\/\/www.biobank.lv\/\",\"logo\":{\"@type\":\"ImageObject\",\"inLanguage\":\"ru-RU\",\"@id\":\"https:\/\/www.biobank.lv\/#\/schema\/logo\/image\/\",\"url\":\"https:\/\/www.biobank.lv\/wp-content\/uploads\/2019\/04\/favicon-biobank-2.png\",\"contentUrl\":\"https:\/\/www.biobank.lv\/wp-content\/uploads\/2019\/04\/favicon-biobank-2.png\",\"width\":472,\"height\":472,\"caption\":\"LYL BioBank Hearts\"},\"image\":{\"@id\":\"https:\/\/www.biobank.lv\/#\/schema\/logo\/image\/\"},\"sameAs\":[\"https:\/\/www.instagram.com\/biobank.hearts\/\"]}]}<\/script>\n<!-- \/ Yoast SEO plugin. -->","yoast_head_json":{"title":"S\u0101kuma Lapa | cilmes \u0161\u016bnu banku alianse | BIOBANK HEARTS","description":"BIOBANK HEARTS - cilmes \u0161\u016bnu banku alianse, kas pied\u0101v\u0101 pa\u0146emt nabassaites asins un audu paraugus un uzglab\u0101t nabassaites asins un audu cilmes \u0161\u016bnas.","robots":{"index":"index","follow":"follow","max-snippet":"max-snippet:-1","max-image-preview":"max-image-preview:large","max-video-preview":"max-video-preview:-1"},"canonical":"https:\/\/www.biobank.lv\/ru\/","og_locale":"ru_RU","og_type":"article","og_title":"S\u0101kuma Lapa | cilmes \u0161\u016bnu banku alianse | BIOBANK HEARTS","og_description":"BIOBANK HEARTS - cilmes \u0161\u016bnu banku alianse, kas pied\u0101v\u0101 pa\u0146emt nabassaites asins un audu paraugus un uzglab\u0101t nabassaites asins un audu cilmes \u0161\u016bnas.","og_url":"https:\/\/www.biobank.lv\/ru\/","og_site_name":"BIOBANK","article_modified_time":"2026-03-09T15:36:30+00:00","twitter_card":"summary_large_image","twitter_misc":{"\u041f\u0440\u0438\u043c\u0435\u0440\u043d\u043e\u0435 \u0432\u0440\u0435\u043c\u044f \u0434\u043b\u044f \u0447\u0442\u0435\u043d\u0438\u044f":"6 \u043c\u0438\u043d\u0443\u0442"},"schema":{"@context":"https:\/\/schema.org","@graph":[{"@type":"WebPage","@id":"https:\/\/www.biobank.lv\/","url":"https:\/\/www.biobank.lv\/","name":"S\u0101kuma Lapa | cilmes \u0161\u016bnu banku alianse | BIOBANK HEARTS","isPartOf":{"@id":"https:\/\/www.biobank.lv\/#website"},"datePublished":"2016-06-11T14:25:44+00:00","dateModified":"2026-03-09T15:36:30+00:00","description":"BIOBANK HEARTS - cilmes \u0161\u016bnu banku alianse, kas pied\u0101v\u0101 pa\u0146emt nabassaites asins un audu paraugus un uzglab\u0101t nabassaites asins un audu cilmes \u0161\u016bnas.","breadcrumb":{"@id":"https:\/\/www.biobank.lv\/#breadcrumb"},"inLanguage":"ru-RU","potentialAction":[{"@type":"ReadAction","target":["https:\/\/www.biobank.lv\/"]}]},{"@type":"BreadcrumbList","@id":"https:\/\/www.biobank.lv\/#breadcrumb","itemListElement":[{"@type":"ListItem","position":1,"name":"Home","item":"https:\/\/www.biobank.lv\/"},{"@type":"ListItem","position":2,"name":"BIOBANK HEARTS Homepage"}]},{"@type":"WebSite","@id":"https:\/\/www.biobank.lv\/#website","url":"https:\/\/www.biobank.lv\/","name":"Lyl Biobank Hearts","description":"cilmes \u0161\u016bnu banku alianse, nabassaites asins un audu paraugus un uzglab\u0101\u0161ana pasaules akredit\u0113t\u0101kaj\u0101s laboratorij\u0101s","publisher":{"@id":"https:\/\/www.biobank.lv\/#organization"},"potentialAction":[{"@type":"SearchAction","target":{"@type":"EntryPoint","urlTemplate":"https:\/\/www.biobank.lv\/?s={search_term_string}"},"query-input":{"@type":"PropertyValueSpecification","valueRequired":true,"valueName":"search_term_string"}}],"inLanguage":"ru-RU"},{"@type":"Organization","@id":"https:\/\/www.biobank.lv\/#organization","name":"LYL BioBank Hearts","url":"https:\/\/www.biobank.lv\/","logo":{"@type":"ImageObject","inLanguage":"ru-RU","@id":"https:\/\/www.biobank.lv\/#\/schema\/logo\/image\/","url":"https:\/\/www.biobank.lv\/wp-content\/uploads\/2019\/04\/favicon-biobank-2.png","contentUrl":"https:\/\/www.biobank.lv\/wp-content\/uploads\/2019\/04\/favicon-biobank-2.png","width":472,"height":472,"caption":"LYL BioBank Hearts"},"image":{"@id":"https:\/\/www.biobank.lv\/#\/schema\/logo\/image\/"},"sameAs":["https:\/\/www.instagram.com\/biobank.hearts\/"]}]}},"_links":{"self":[{"href":"https:\/\/www.biobank.lv\/ru\/wp-json\/wp\/v2\/pages\/4431","targetHints":{"allow":["GET"]}}],"collection":[{"href":"https:\/\/www.biobank.lv\/ru\/wp-json\/wp\/v2\/pages"}],"about":[{"href":"https:\/\/www.biobank.lv\/ru\/wp-json\/wp\/v2\/types\/page"}],"author":[{"embeddable":true,"href":"https:\/\/www.biobank.lv\/ru\/wp-json\/wp\/v2\/users\/1"}],"replies":[{"embeddable":true,"href":"https:\/\/www.biobank.lv\/ru\/wp-json\/wp\/v2\/comments?post=4431"}],"version-history":[{"count":5,"href":"https:\/\/www.biobank.lv\/ru\/wp-json\/wp\/v2\/pages\/4431\/revisions"}],"predecessor-version":[{"id":6670,"href":"https:\/\/www.biobank.lv\/ru\/wp-json\/wp\/v2\/pages\/4431\/revisions\/6670"}],"wp:attachment":[{"href":"https:\/\/www.biobank.lv\/ru\/wp-json\/wp\/v2\/media?parent=4431"}],"curies":[{"name":"wp","href":"https:\/\/api.w.org\/{rel}","templated":true}]}}