{"id":6572,"date":"2026-03-08T14:37:40","date_gmt":"2026-03-08T14:37:40","guid":{"rendered":"https:\/\/www.biobank.lv\/?page_id=6572"},"modified":"2026-04-23T13:19:43","modified_gmt":"2026-04-23T13:19:43","slug":"pieteikties","status":"publish","type":"page","link":"https:\/\/www.biobank.lv\/ru\/pieteikties\/","title":{"rendered":"\u0417\u0410\u041f\u0418\u0421\u0410\u0422\u042c\u0421\u042f"},"content":{"rendered":"\t\t<div data-elementor-type=\"wp-page\" data-elementor-id=\"6572\" class=\"elementor elementor-6572\" data-elementor-post-type=\"page\">\n\t\t\t\t<div class=\"elementor-element elementor-element-54bfd58 e-flex e-con-boxed e-con e-parent\" data-id=\"54bfd58\" data-element_type=\"container\" data-e-type=\"container\">\n\t\t\t\t\t<div class=\"e-con-inner\">\n\t\t\t\t<div class=\"elementor-element elementor-element-0b01abf elementor-widget__width-auto elementor-widget elementor-widget-text-editor\" data-id=\"0b01abf\" data-element_type=\"widget\" data-e-type=\"widget\" data-widget_type=\"text-editor.default\">\n\t\t\t\t<div class=\"elementor-widget-container\">\n\t\t\t\t\t\t\t\t\t<p class=\"p1\">UZZINI VAIR\u0100K!<\/p>\t\t\t\t\t\t\t\t<\/div>\n\t\t\t\t<\/div>\n\t\t\t\t<div class=\"elementor-element elementor-element-edd2eda elementor-widget__width-auto elementor-widget elementor-widget-text-editor\" data-id=\"edd2eda\" data-element_type=\"widget\" data-e-type=\"widget\" data-widget_type=\"text-editor.default\">\n\t\t\t\t<div class=\"elementor-widget-container\">\n\t\t\t\t\t\t\t\t\t<p class=\"p1\">K\u0101p\u0113c topo\u0161ie vec\u0101ki izv\u0113las saglab\u0101t nabassaites cilmes \u0161\u016bnas? K\u0101 notiek pa\u0146em\u0161ana un saglab\u0101\u0161ana? K\u0101das ir at\u0161\u0137ir\u012bbas starp laboratorij\u0101m? K\u0101du slim\u012bbu un traumu \u0101rst\u0113\u0161an\u0101 cilmes \u0161\u016bnas izmanto?<\/p>\t\t\t\t\t\t\t\t<\/div>\n\t\t\t\t<\/div>\n\t\t\t\t<div class=\"elementor-element elementor-element-0135eea elementor-widget__width-inherit elementor-widget elementor-widget-text-editor\" data-id=\"0135eea\" data-element_type=\"widget\" data-e-type=\"widget\" data-widget_type=\"text-editor.default\">\n\t\t\t\t<div class=\"elementor-widget-container\">\n\t\t\t\t\t\t\t\t\t<p class=\"p1\">Piesakies un sa\u0146em atbildes uz visiem sev svar\u012bgajiem jaut\u0101jumiem.<\/p>\t\t\t\t\t\t\t\t<\/div>\n\t\t\t\t<\/div>\n\t\t\t\t<div class=\"elementor-element elementor-element-8673d3e elementor-tablet-button-align-center elementor-button-align-stretch elementor-widget elementor-widget-form\" data-id=\"8673d3e\" data-element_type=\"widget\" data-e-type=\"widget\" data-settings=\"{&quot;button_width_tablet&quot;:&quot;100&quot;,&quot;step_next_label&quot;:&quot;PIETEIKTIES&quot;,&quot;button_width&quot;:&quot;100&quot;,&quot;step_type&quot;:&quot;number_text&quot;,&quot;step_icon_shape&quot;:&quot;circle&quot;}\" data-widget_type=\"form.default\">\n\t\t\t\t<div class=\"elementor-widget-container\">\n\t\t\t\t\t\t\t<form class=\"elementor-form\" method=\"post\" name=\"New Form\" aria-label=\"New Form\">\n\t\t\t<input type=\"hidden\" name=\"post_id\" value=\"6572\"\/>\n\t\t\t<input type=\"hidden\" name=\"form_id\" value=\"8673d3e\"\/>\n\t\t\t<input type=\"hidden\" name=\"referer_title\" value=\"Pieteikties | BIOBANK\" \/>\n\n\t\t\t\t\t\t\t<input type=\"hidden\" name=\"queried_id\" value=\"6572\"\/>\n\t\t\t\n\t\t\t<div class=\"elementor-form-fields-wrapper elementor-labels-above\">\n\t\t\t\t\t\t\t\t<div class=\"elementor-field-type-radio elementor-field-group elementor-column elementor-field-group-name elementor-col-100 elementor-md-100 elementor-field-required\">\n\t\t\t\t\t<div class=\"elementor-field-subgroup  \"><span class=\"elementor-field-option\"><input type=\"radio\" value=\"v\u0113los, lai man &lt;b&gt;atzvana&lt;\/b&gt;\" id=\"form-field-name-0\" name=\"form_fields[name]\" required=\"required\"> <label for=\"form-field-name-0\">v\u0113los, lai man <b>atzvana<\/b><\/label><\/span><span class=\"elementor-field-option\"><input type=\"radio\" value=\"v\u0113los, sa\u0146emt inform\u0101ciju &lt;b&gt;e-past\u0101&lt;\/b&gt; \" id=\"form-field-name-1\" name=\"form_fields[name]\" required=\"required\"> <label for=\"form-field-name-1\">v\u0113los, sa\u0146emt inform\u0101ciju <b>e-past\u0101<\/b> <\/label><\/span><span class=\"elementor-field-option\"><input type=\"radio\" value=\"v\u0113los pieteikties uz &lt;b&gt;bezmaksas individu\u0101lu kl\u0101tienes konsult\u0101ciju&lt;\/b&gt;\" id=\"form-field-name-2\" name=\"form_fields[name]\" required=\"required\"> <label for=\"form-field-name-2\">v\u0113los pieteikties uz <b>bezmaksas individu\u0101lu kl\u0101tienes konsult\u0101ciju<\/b><\/label><\/span><\/div>\t\t\t\t<\/div>\n\t\t\t\t\t\t\t\t<div class=\"elementor-field-type-email elementor-field-group elementor-column elementor-field-group-field_f595793 elementor-col-100 elementor-md-100\">\n\t\t\t\t\t\t\t\t\t\t\t\t<label for=\"form-field-field_f595793\" class=\"elementor-field-label\">\n\t\t\t\t\t\t\t\te-pasts\t\t\t\t\t\t\t<\/label>\n\t\t\t\t\t\t\t\t\t\t\t\t\t\t<input size=\"1\" type=\"email\" name=\"form_fields[field_f595793]\" id=\"form-field-field_f595793\" class=\"elementor-field elementor-size-sm  elementor-field-textual\">\n\t\t\t\t\t\t\t\t\t\t\t<\/div>\n\t\t\t\t\t\t\t\t<div class=\"elementor-field-type-tel elementor-field-group elementor-column elementor-field-group-email elementor-col-100 elementor-md-100\">\n\t\t\t\t\t\t\t\t\t\t\t\t<label for=\"form-field-email\" class=\"elementor-field-label\">\n\t\t\t\t\t\t\t\ttelefons\t\t\t\t\t\t\t<\/label>\n\t\t\t\t\t\t\t\t<input size=\"1\" type=\"tel\" name=\"form_fields[email]\" id=\"form-field-email\" class=\"elementor-field elementor-size-sm  elementor-field-textual\" pattern=\"[0-9()#&amp;+*-=.]+\" title=\"Only numbers and phone characters (#, -, *, etc) are accepted.\">\n\n\t\t\t\t\t\t<\/div>\n\t\t\t\t\t\t\t\t<div class=\"elementor-field-group elementor-column elementor-field-type-submit elementor-col-100 e-form__buttons elementor-md-100\">\n\t\t\t\t\t<button class=\"elementor-button elementor-size-sm\" type=\"submit\" id=\"submit-id-button\">\n\t\t\t\t\t\t<span class=\"elementor-button-content-wrapper\">\n\t\t\t\t\t\t\t\t\t\t\t\t\t\t\t\t\t\t\t\t\t\t<span class=\"elementor-button-text\">PIETEIKTIES<\/span>\n\t\t\t\t\t\t\t\t\t\t\t\t\t<\/span>\n\t\t\t\t\t<\/button>\n\t\t\t\t<\/div>\n\t\t\t<\/div>\n\t\t<\/form>\n\t\t\t\t\t\t<\/div>\n\t\t\t\t<\/div>\n\t\t\t\t<div class=\"elementor-element elementor-element-128ddfc elementor-widget elementor-widget-html\" data-id=\"128ddfc\" data-element_type=\"widget\" data-e-type=\"widget\" data-widget_type=\"html.default\">\n\t\t\t\t<div class=\"elementor-widget-container\">\n\t\t\t\t\t<script>\njQuery(function($) {\n  $(document).on('submit_success', function(e, data) {\n    if (typeof fbq === 'function') {\n      fbq('track', 'Lead');\n      setTimeout(function() {\n        window.location.href = '\/';\n      }, 800);\n    }\n  });\n});\n<\/script>\t\t\t\t<\/div>\n\t\t\t\t<\/div>\n\t\t\t\t<div class=\"elementor-element elementor-element-9f7a23b elementor-widget elementor-widget-html\" data-id=\"9f7a23b\" data-element_type=\"widget\" data-e-type=\"widget\" data-widget_type=\"html.default\">\n\t\t\t\t<div class=\"elementor-widget-container\">\n\t\t\t\t\t<script>\njQuery(window).on('elementor\/frontend\/init', function () {\n\n    elementorFrontend.hooks.addAction(\n        'frontend\/element_ready\/form.default',\n        function ($scope) {\n\n            const $form = $scope.find('.elementor-form');\n\n            $form.on('submit', function (e) {\n\n                const email = $form.find('[name=\"form_fields[field_f595793]\"]').val().trim();\n                const phone = $form.find('[name=\"form_fields[email]\"]').val().trim();\n\n                if (!email && !phone) {\n                    e.preventDefault();\n                    e.stopPropagation();\n                    e.stopImmediatePropagation();\n\n                    alert('Enter email or phone');\n\n                    return false;\n                }\n            });\n\n        }\n    );\n\n});\n<\/script>\t\t\t\t<\/div>\n\t\t\t\t<\/div>\n\t\t\t\t\t<\/div>\n\t\t\t\t<\/div>\n\t\t\t\t<\/div>\n\t\t","protected":false},"excerpt":{"rendered":"<p>UZZINI VAIR\u0100K! K\u0101p\u0113c topo\u0161ie vec\u0101ki izv\u0113las saglab\u0101t nabassaites cilmes \u0161\u016bnas? K\u0101 notiek pa\u0146em\u0161ana un saglab\u0101\u0161ana? K\u0101das ir at\u0161\u0137ir\u012bbas starp laboratorij\u0101m? K\u0101du slim\u012bbu un traumu \u0101rst\u0113\u0161an\u0101 cilmes \u0161\u016bnas izmanto? Piesakies un sa\u0146em atbildes uz visiem sev svar\u012bgajiem jaut\u0101jumiem.<\/p>","protected":false},"author":4,"featured_media":0,"parent":0,"menu_order":0,"comment_status":"closed","ping_status":"closed","template":"elementor_canvas","meta":{"footnotes":""},"class_list":["post-6572","page","type-page","status-publish","hentry"],"yoast_head":"<!-- This site is optimized with the Yoast SEO plugin v27.0 - https:\/\/yoast.com\/product\/yoast-seo-wordpress\/ -->\n<title>Pieteikties | BIOBANK<\/title>\n<meta name=\"robots\" content=\"index, follow, max-snippet:-1, max-image-preview:large, max-video-preview:-1\" \/>\n<link rel=\"canonical\" href=\"https:\/\/www.biobank.lv\/ru\/pieteikties\/\" \/>\n<meta property=\"og:locale\" content=\"ru_RU\" \/>\n<meta property=\"og:type\" content=\"article\" \/>\n<meta property=\"og:title\" content=\"Pieteikties | BIOBANK\" \/>\n<meta property=\"og:description\" content=\"UZZINI VAIR\u0100K! K\u0101p\u0113c topo\u0161ie vec\u0101ki izv\u0113las saglab\u0101t nabassaites cilmes \u0161\u016bnas? K\u0101 notiek pa\u0146em\u0161ana un saglab\u0101\u0161ana? K\u0101das ir at\u0161\u0137ir\u012bbas starp laboratorij\u0101m? K\u0101du slim\u012bbu un traumu \u0101rst\u0113\u0161an\u0101 cilmes \u0161\u016bnas izmanto? Piesakies un sa\u0146em atbildes uz visiem sev svar\u012bgajiem jaut\u0101jumiem.\" \/>\n<meta property=\"og:url\" content=\"https:\/\/www.biobank.lv\/ru\/pieteikties\/\" \/>\n<meta property=\"og:site_name\" content=\"BIOBANK\" \/>\n<meta property=\"article:modified_time\" content=\"2026-04-23T13:19:43+00:00\" \/>\n<meta name=\"twitter:card\" content=\"summary_large_image\" \/>\n<meta name=\"twitter:label1\" content=\"\u041f\u0440\u0438\u043c\u0435\u0440\u043d\u043e\u0435 \u0432\u0440\u0435\u043c\u044f \u0434\u043b\u044f \u0447\u0442\u0435\u043d\u0438\u044f\" \/>\n\t<meta name=\"twitter:data1\" content=\"1 \u043c\u0438\u043d\u0443\u0442\u0430\" \/>\n<script type=\"application\/ld+json\" class=\"yoast-schema-graph\">{\"@context\":\"https:\/\/schema.org\",\"@graph\":[{\"@type\":\"WebPage\",\"@id\":\"https:\/\/www.biobank.lv\/pieteikties\/\",\"url\":\"https:\/\/www.biobank.lv\/pieteikties\/\",\"name\":\"Pieteikties | BIOBANK\",\"isPartOf\":{\"@id\":\"https:\/\/www.biobank.lv\/#website\"},\"datePublished\":\"2026-03-08T14:37:40+00:00\",\"dateModified\":\"2026-04-23T13:19:43+00:00\",\"breadcrumb\":{\"@id\":\"https:\/\/www.biobank.lv\/pieteikties\/#breadcrumb\"},\"inLanguage\":\"ru-RU\",\"potentialAction\":[{\"@type\":\"ReadAction\",\"target\":[\"https:\/\/www.biobank.lv\/pieteikties\/\"]}]},{\"@type\":\"BreadcrumbList\",\"@id\":\"https:\/\/www.biobank.lv\/pieteikties\/#breadcrumb\",\"itemListElement\":[{\"@type\":\"ListItem\",\"position\":1,\"name\":\"Home\",\"item\":\"https:\/\/www.biobank.lv\/\"},{\"@type\":\"ListItem\",\"position\":2,\"name\":\"Pieteikties\"}]},{\"@type\":\"WebSite\",\"@id\":\"https:\/\/www.biobank.lv\/#website\",\"url\":\"https:\/\/www.biobank.lv\/\",\"name\":\"Lyl Biobank Hearts\",\"description\":\"cilmes \u0161\u016bnu banku alianse, nabassaites asins un audu paraugus un uzglab\u0101\u0161ana pasaules akredit\u0113t\u0101kaj\u0101s laboratorij\u0101s\",\"publisher\":{\"@id\":\"https:\/\/www.biobank.lv\/#organization\"},\"potentialAction\":[{\"@type\":\"SearchAction\",\"target\":{\"@type\":\"EntryPoint\",\"urlTemplate\":\"https:\/\/www.biobank.lv\/?s={search_term_string}\"},\"query-input\":{\"@type\":\"PropertyValueSpecification\",\"valueRequired\":true,\"valueName\":\"search_term_string\"}}],\"inLanguage\":\"ru-RU\"},{\"@type\":\"Organization\",\"@id\":\"https:\/\/www.biobank.lv\/#organization\",\"name\":\"LYL BioBank Hearts\",\"url\":\"https:\/\/www.biobank.lv\/\",\"logo\":{\"@type\":\"ImageObject\",\"inLanguage\":\"ru-RU\",\"@id\":\"https:\/\/www.biobank.lv\/#\/schema\/logo\/image\/\",\"url\":\"https:\/\/www.biobank.lv\/wp-content\/uploads\/2019\/04\/favicon-biobank-2.png\",\"contentUrl\":\"https:\/\/www.biobank.lv\/wp-content\/uploads\/2019\/04\/favicon-biobank-2.png\",\"width\":472,\"height\":472,\"caption\":\"LYL BioBank Hearts\"},\"image\":{\"@id\":\"https:\/\/www.biobank.lv\/#\/schema\/logo\/image\/\"},\"sameAs\":[\"https:\/\/www.instagram.com\/biobank.hearts\/\"]}]}<\/script>\n<!-- \/ Yoast SEO plugin. -->","yoast_head_json":{"title":"Pieteikties | BIOBANK","robots":{"index":"index","follow":"follow","max-snippet":"max-snippet:-1","max-image-preview":"max-image-preview:large","max-video-preview":"max-video-preview:-1"},"canonical":"https:\/\/www.biobank.lv\/ru\/pieteikties\/","og_locale":"ru_RU","og_type":"article","og_title":"Pieteikties | BIOBANK","og_description":"UZZINI VAIR\u0100K! K\u0101p\u0113c topo\u0161ie vec\u0101ki izv\u0113las saglab\u0101t nabassaites cilmes \u0161\u016bnas? K\u0101 notiek pa\u0146em\u0161ana un saglab\u0101\u0161ana? K\u0101das ir at\u0161\u0137ir\u012bbas starp laboratorij\u0101m? K\u0101du slim\u012bbu un traumu \u0101rst\u0113\u0161an\u0101 cilmes \u0161\u016bnas izmanto? Piesakies un sa\u0146em atbildes uz visiem sev svar\u012bgajiem jaut\u0101jumiem.","og_url":"https:\/\/www.biobank.lv\/ru\/pieteikties\/","og_site_name":"BIOBANK","article_modified_time":"2026-04-23T13:19:43+00:00","twitter_card":"summary_large_image","twitter_misc":{"\u041f\u0440\u0438\u043c\u0435\u0440\u043d\u043e\u0435 \u0432\u0440\u0435\u043c\u044f \u0434\u043b\u044f \u0447\u0442\u0435\u043d\u0438\u044f":"1 \u043c\u0438\u043d\u0443\u0442\u0430"},"schema":{"@context":"https:\/\/schema.org","@graph":[{"@type":"WebPage","@id":"https:\/\/www.biobank.lv\/pieteikties\/","url":"https:\/\/www.biobank.lv\/pieteikties\/","name":"Pieteikties | BIOBANK","isPartOf":{"@id":"https:\/\/www.biobank.lv\/#website"},"datePublished":"2026-03-08T14:37:40+00:00","dateModified":"2026-04-23T13:19:43+00:00","breadcrumb":{"@id":"https:\/\/www.biobank.lv\/pieteikties\/#breadcrumb"},"inLanguage":"ru-RU","potentialAction":[{"@type":"ReadAction","target":["https:\/\/www.biobank.lv\/pieteikties\/"]}]},{"@type":"BreadcrumbList","@id":"https:\/\/www.biobank.lv\/pieteikties\/#breadcrumb","itemListElement":[{"@type":"ListItem","position":1,"name":"Home","item":"https:\/\/www.biobank.lv\/"},{"@type":"ListItem","position":2,"name":"Pieteikties"}]},{"@type":"WebSite","@id":"https:\/\/www.biobank.lv\/#website","url":"https:\/\/www.biobank.lv\/","name":"Lyl Biobank Hearts","description":"cilmes \u0161\u016bnu banku alianse, nabassaites asins un audu paraugus un uzglab\u0101\u0161ana pasaules akredit\u0113t\u0101kaj\u0101s laboratorij\u0101s","publisher":{"@id":"https:\/\/www.biobank.lv\/#organization"},"potentialAction":[{"@type":"SearchAction","target":{"@type":"EntryPoint","urlTemplate":"https:\/\/www.biobank.lv\/?s={search_term_string}"},"query-input":{"@type":"PropertyValueSpecification","valueRequired":true,"valueName":"search_term_string"}}],"inLanguage":"ru-RU"},{"@type":"Organization","@id":"https:\/\/www.biobank.lv\/#organization","name":"LYL BioBank Hearts","url":"https:\/\/www.biobank.lv\/","logo":{"@type":"ImageObject","inLanguage":"ru-RU","@id":"https:\/\/www.biobank.lv\/#\/schema\/logo\/image\/","url":"https:\/\/www.biobank.lv\/wp-content\/uploads\/2019\/04\/favicon-biobank-2.png","contentUrl":"https:\/\/www.biobank.lv\/wp-content\/uploads\/2019\/04\/favicon-biobank-2.png","width":472,"height":472,"caption":"LYL BioBank Hearts"},"image":{"@id":"https:\/\/www.biobank.lv\/#\/schema\/logo\/image\/"},"sameAs":["https:\/\/www.instagram.com\/biobank.hearts\/"]}]}},"_links":{"self":[{"href":"https:\/\/www.biobank.lv\/ru\/wp-json\/wp\/v2\/pages\/6572","targetHints":{"allow":["GET"]}}],"collection":[{"href":"https:\/\/www.biobank.lv\/ru\/wp-json\/wp\/v2\/pages"}],"about":[{"href":"https:\/\/www.biobank.lv\/ru\/wp-json\/wp\/v2\/types\/page"}],"author":[{"embeddable":true,"href":"https:\/\/www.biobank.lv\/ru\/wp-json\/wp\/v2\/users\/4"}],"replies":[{"embeddable":true,"href":"https:\/\/www.biobank.lv\/ru\/wp-json\/wp\/v2\/comments?post=6572"}],"version-history":[{"count":5,"href":"https:\/\/www.biobank.lv\/ru\/wp-json\/wp\/v2\/pages\/6572\/revisions"}],"predecessor-version":[{"id":6721,"href":"https:\/\/www.biobank.lv\/ru\/wp-json\/wp\/v2\/pages\/6572\/revisions\/6721"}],"wp:attachment":[{"href":"https:\/\/www.biobank.lv\/ru\/wp-json\/wp\/v2\/media?parent=6572"}],"curies":[{"name":"wp","href":"https:\/\/api.w.org\/{rel}","templated":true}]}}